{"id":17,"date":"2024-08-13T12:34:34","date_gmt":"2024-08-13T12:34:34","guid":{"rendered":"http:\/\/ntxiren.cluster029.hosting.ovh.net\/yanis\/?page_id=17"},"modified":"2024-08-21T10:10:04","modified_gmt":"2024-08-21T10:10:04","slug":"contact","status":"publish","type":"page","link":"https:\/\/www.yanis-group.com\/index.php\/contact\/","title":{"rendered":"Contact"},"content":{"rendered":"\n<div class=\"wp-block-columns is-layout-flex wp-container-core-columns-is-layout-9d6595d7 wp-block-columns-is-layout-flex\">\n<div class=\"wp-block-column is-layout-flow wp-block-column-is-layout-flow\">\n<div class=\"wp-block-columns is-layout-flex wp-container-core-columns-is-layout-9d6595d7 wp-block-columns-is-layout-flex\">\n<div class=\"wp-block-column is-layout-flow wp-block-column-is-layout-flow\">\n<p>For inquiries or support with your international trade needs, contact our team. We\u2019re here to provide expert guidance and personalized service.<\/p>\n<\/div>\n<\/div>\n<\/div>\n<\/div>\n\n\n\n<div class=\"wp-block-columns is-layout-flex wp-container-core-columns-is-layout-9d6595d7 wp-block-columns-is-layout-flex\">\n<div class=\"wp-block-column is-layout-flow wp-block-column-is-layout-flow\">\n<p style=\"font-size:25px\"><strong>To get in touch, please apply here<\/strong> : <\/p>\n\n\n\n<p><\/p>\n\n\n<\/div>\n\n\n\n<div class=\"wp-block-column is-layout-flow wp-block-column-is-layout-flow\">\n<p style=\"font-size:25px\"><strong>Find us at the office :<\/strong><\/p>\n\n\n\n<h4 class=\"wp-block-heading has-accent-color has-text-color has-link-color wp-elements-6828bf9708758a86d79ce105b024ad3f\"><strong>Istanbul &#8211; Turkey<\/strong><\/h4>\n\n\n\n<p class=\"has-small-font-size\"><em><strong>YAN\u0130S GROUP \u0130THALAT \u0130HRACAT T\u0130CARET L\u0130M\u0130TED \u015e\u0130RKET\u0130<\/strong><\/em><br>6 egs business park no: 12 i\u00e7 kapi no: 1 B Istanbul &#8211; Turkey<br>Email: admin.turkey@yanis-group.com<\/p>\n\n\n\n<h4 class=\"wp-block-heading has-accent-color has-text-color has-link-color wp-elements-f15008268dece3795501b65e65136bc9\"><strong>Muscat &#8211; Sultanate of Oman<\/strong><\/h4>\n\n\n\n<p class=\"has-small-font-size\"><em><strong>YANIS TRADING SPC<\/strong><\/em><br>608 Al Ghubrah St , Muscat &#8211; Oman<br>Email: admin.oman@yanis-group.com<\/p>\n\n\n\n<h4 class=\"wp-block-heading has-accent-color has-text-color has-link-color wp-elements-8772eb33a3ea875d0cfbb98c8c08047f\"><strong>Alphaville , Sao Paulo &#8211; Brazil<\/strong><\/h4>\n\n\n\n<p class=\"has-small-font-size\"><em><strong>YANIS TRADING LTDA<\/strong><\/em><br>Av. Andr\u00f4meda, 885 &#8211; 2\u00b0 andar &#8211; sala 216 &nbsp;Alphaville , Barueri , SP &#8211; BRAZIL<br>Email: admin.brazil@yanis-group.com<\/p>\n<\/div>\n<\/div>\n\n\n\n<figure class=\"wp-block-image size-full\"><img data-opt-id=93245513  fetchpriority=\"high\" decoding=\"async\" width=\"1408\" height=\"704\" src=\"https:\/\/ml5mjqfcyfks.i.optimole.com\/w:auto\/h:auto\/q:mauto\/ig:avif\/http:\/\/ntxiren.cluster029.hosting.ovh.net\/yanis\/wp-content\/uploads\/2024\/08\/pikaso_texttoimage_35mm-film-photography-image-for-a-blog-header-rela.jpeg\" alt=\"\" class=\"wp-image-228\" srcset=\"https:\/\/ml5mjqfcyfks.i.optimole.com\/w:1408\/h:704\/q:mauto\/ig:avif\/https:\/\/www.yanis-group.com\/wp-content\/uploads\/2024\/08\/pikaso_texttoimage_35mm-film-photography-image-for-a-blog-header-rela.jpeg 1408w, https:\/\/ml5mjqfcyfks.i.optimole.com\/w:300\/h:150\/q:mauto\/ig:avif\/https:\/\/www.yanis-group.com\/wp-content\/uploads\/2024\/08\/pikaso_texttoimage_35mm-film-photography-image-for-a-blog-header-rela.jpeg 300w, https:\/\/ml5mjqfcyfks.i.optimole.com\/w:1024\/h:512\/q:mauto\/ig:avif\/https:\/\/www.yanis-group.com\/wp-content\/uploads\/2024\/08\/pikaso_texttoimage_35mm-film-photography-image-for-a-blog-header-rela.jpeg 1024w, https:\/\/ml5mjqfcyfks.i.optimole.com\/w:768\/h:384\/q:mauto\/ig:avif\/https:\/\/www.yanis-group.com\/wp-content\/uploads\/2024\/08\/pikaso_texttoimage_35mm-film-photography-image-for-a-blog-header-rela.jpeg 768w\" sizes=\"(max-width: 750px) 100vw, 750px\" \/><\/figure>\n","protected":false},"excerpt":{"rendered":"<p>For inquiries or support with your international trade needs, contact our team. We\u2019re here to provide expert guidance and personalized service. To get in touch, please apply here : Find us at the office : Istanbul &#8211; Turkey YAN\u0130S GROUP \u0130THALAT \u0130HRACAT T\u0130CARET L\u0130M\u0130TED \u015e\u0130RKET\u01306 egs business park no: 12 [&hellip;]<\/p>\n","protected":false},"author":2,"featured_media":39,"parent":0,"menu_order":0,"comment_status":"closed","ping_status":"closed","template":"page-templates\/template-fullwidth.php","meta":{"_themeisle_gutenberg_block_has_review":false,"footnotes":""},"class_list":["post-17","page","type-page","status-publish","has-post-thumbnail","hentry"],"aioseo_notices":[],"_links":{"self":[{"href":"https:\/\/www.yanis-group.com\/index.php\/wp-json\/wp\/v2\/pages\/17","targetHints":{"allow":["GET"]}}],"collection":[{"href":"https:\/\/www.yanis-group.com\/index.php\/wp-json\/wp\/v2\/pages"}],"about":[{"href":"https:\/\/www.yanis-group.com\/index.php\/wp-json\/wp\/v2\/types\/page"}],"author":[{"embeddable":true,"href":"https:\/\/www.yanis-group.com\/index.php\/wp-json\/wp\/v2\/users\/2"}],"replies":[{"embeddable":true,"href":"https:\/\/www.yanis-group.com\/index.php\/wp-json\/wp\/v2\/comments?post=17"}],"version-history":[{"count":17,"href":"https:\/\/www.yanis-group.com\/index.php\/wp-json\/wp\/v2\/pages\/17\/revisions"}],"predecessor-version":[{"id":352,"href":"https:\/\/www.yanis-group.com\/index.php\/wp-json\/wp\/v2\/pages\/17\/revisions\/352"}],"wp:featuredmedia":[{"embeddable":true,"href":"https:\/\/www.yanis-group.com\/index.php\/wp-json\/wp\/v2\/media\/39"}],"wp:attachment":[{"href":"https:\/\/www.yanis-group.com\/index.php\/wp-json\/wp\/v2\/media?parent=17"}],"curies":[{"name":"wp","href":"https:\/\/api.w.org\/{rel}","templated":true}]}}